{"id":62,"date":"2019-04-13T09:16:03","date_gmt":"2019-04-13T07:16:03","guid":{"rendered":"http:\/\/reichstett-badminton.fr\/?page_id=62"},"modified":"2025-08-03T12:12:57","modified_gmt":"2025-08-03T10:12:57","slug":"presentation","status":"publish","type":"page","link":"https:\/\/reichstett-badminton.fr\/?page_id=62","title":{"rendered":"Pr\u00e9sentation"},"content":{"rendered":"\n<p>Le badminton club de Reichstett est un lieu convivial o\u00f9 bonne humeur et entente cordiale sont omnipr\u00e9sentes.<\/p>\n\n\n\n<p>M\u00eame si vous venez seul, vous serez fr\u00e9quemment sollicit\u00e9 pour jouer avec les autres licenci\u00e9s peu importe votre niveau.<\/p>\n\n\n\n<p>Les joueurs les plus aguerris seront toujours l\u00e0 pour aider et apprendre aux d\u00e9butants ou \u00e0 toute personne en qu\u00eate d\u2019am\u00e9lioration.<\/p>\n\n\n\n<p>Si vous d\u00e9sirez essayer, vous \u00eates le\/la bienvenue pour une session d\u00e9couverte.<\/p>\n\n\n<figure class=\"wp-block-image is-resized\"><img loading=\"lazy\" decoding=\"async\" width=\"477\" height=\"784\" src=\"https:\/\/reichstett-badminton.fr\/wp-content\/uploads\/2019\/04\/tortue.png\" alt=\"\" class=\"wp-image-82\" style=\"width:161px;height:265px\" srcset=\"https:\/\/reichstett-badminton.fr\/wp-content\/uploads\/2019\/04\/tortue.png 477w, https:\/\/reichstett-badminton.fr\/wp-content\/uploads\/2019\/04\/tortue-183x300.png 183w\" sizes=\"auto, (max-width: 477px) 100vw, 477px\" \/><\/figure>\n\n\n<p><\/p>\n","protected":false},"excerpt":{"rendered":"<p>Le badminton club de Reichstett est un lieu convivial o\u00f9 bonne humeur et entente cordiale sont omnipr\u00e9sentes. M\u00eame si vous venez seul, vous serez fr\u00e9quemment sollicit\u00e9 pour jouer avec les autres licenci\u00e9s peu importe votre niveau. Les joueurs les plus aguerris seront toujours l\u00e0 pour aider et apprendre aux d\u00e9butants ou \u00e0 toute personne en &hellip; <\/p>\n<p class=\"link-more\"><a href=\"https:\/\/reichstett-badminton.fr\/?page_id=62\" class=\"more-link\">Continuer la lecture<span class=\"screen-reader-text\"> de &laquo;&nbsp;Pr\u00e9sentation&nbsp;&raquo;<\/span><\/a><\/p>\n","protected":false},"author":1,"featured_media":0,"parent":0,"menu_order":0,"comment_status":"closed","ping_status":"closed","template":"","meta":{"footnotes":""},"class_list":["post-62","page","type-page","status-publish","hentry"],"_links":{"self":[{"href":"https:\/\/reichstett-badminton.fr\/index.php?rest_route=\/wp\/v2\/pages\/62","targetHints":{"allow":["GET"]}}],"collection":[{"href":"https:\/\/reichstett-badminton.fr\/index.php?rest_route=\/wp\/v2\/pages"}],"about":[{"href":"https:\/\/reichstett-badminton.fr\/index.php?rest_route=\/wp\/v2\/types\/page"}],"author":[{"embeddable":true,"href":"https:\/\/reichstett-badminton.fr\/index.php?rest_route=\/wp\/v2\/users\/1"}],"replies":[{"embeddable":true,"href":"https:\/\/reichstett-badminton.fr\/index.php?rest_route=%2Fwp%2Fv2%2Fcomments&post=62"}],"version-history":[{"count":6,"href":"https:\/\/reichstett-badminton.fr\/index.php?rest_route=\/wp\/v2\/pages\/62\/revisions"}],"predecessor-version":[{"id":648,"href":"https:\/\/reichstett-badminton.fr\/index.php?rest_route=\/wp\/v2\/pages\/62\/revisions\/648"}],"wp:attachment":[{"href":"https:\/\/reichstett-badminton.fr\/index.php?rest_route=%2Fwp%2Fv2%2Fmedia&parent=62"}],"curies":[{"name":"wp","href":"https:\/\/api.w.org\/{rel}","templated":true}]}}