{"id":37,"date":"2019-04-13T08:29:43","date_gmt":"2019-04-13T06:29:43","guid":{"rendered":"http:\/\/reichstett-badminton.fr\/?page_id=37"},"modified":"2025-09-13T17:50:49","modified_gmt":"2025-09-13T15:50:49","slug":"devenir-membre","status":"publish","type":"page","link":"https:\/\/reichstett-badminton.fr\/?page_id=37","title":{"rendered":"Devenir membre"},"content":{"rendered":"\n<h3 class=\"wp-block-heading\">Envie de nous rejoindre ? <\/h3>\n\n\n\n<p>T\u00e9l\u00e9chargez  les documents ci-dessous et remplissez-les avec soin. <br><\/p>\n\n\n\n<ul class=\"wp-block-list\">\n<li>Le formulaire d&rsquo;inscription Adulte 2025\/2026 : <a href=\"https:\/\/frontwebservice.ffbad.org\/storage\/documents\/pages\/Pratiquer\/Se_licencier\/Licence\/FFBaD_FORMULAIRE_SAISON_2025-2026_ADULTE_ok.pdf\">ICI<\/a><\/li>\n\n\n\n<li>Le formulaire d&rsquo;inscription Mineur 2025\/2026 : <a href=\"https:\/\/frontwebservice.ffbad.org\/storage\/documents\/pages\/Pratiquer\/Se_licencier\/Licence\/FFBaD_FORMULAIRE_SAISON_2025-2026_MINEUR_ok.pdf\">ICI<\/a><\/li>\n\n\n\n<li>Le certificat m\u00e9dical : <a href=\"https:\/\/frontwebservice.ffbad.org\/storage\/documents\/pages\/Pratiquer\/Se_licencier\/Licence\/Certificat%20m%C3%A9dical%20de%20non%20contre-Indication.pdf\" data-type=\"URL\">ICI<\/a><\/li>\n\n\n\n<li>Le questionnaire de sant\u00e9 Mineur : <a href=\"https:\/\/echange.ffbad.org\/index.php\/s\/fLDrPAzzi3pmNbw#pdfviewer\" target=\"_blank\" rel=\"noreferrer noopener\">ICI<\/a> Adulte : <a href=\"https:\/\/echange.ffbad.org\/index.php\/s\/gwxR3oAB8JMWQnc#pdfviewer\" target=\"_blank\" rel=\"noreferrer noopener\">ICI<\/a><\/li>\n<\/ul>\n\n\n\n<p>&nbsp;Une&nbsp;<strong>attestation<\/strong>&nbsp;en cas de r\u00e9ponse n\u00e9gative \u00e0 l\u2019ensemble des questions du questionnaire de sant\u00e9 (l&rsquo;attestation se trouve \u00e0 la fin du document du questionnaire de sant\u00e9)<br>&#8211; Un&nbsp;<strong>certificat m\u00e9dical<\/strong>&nbsp;datant de moins de 6 mois en cas de r\u00e9ponse positive \u00e0 l\u2019une des questions du questionnaire de sant\u00e9. L&rsquo;utilisation du formulaire \u00e0 t\u00e9l\u00e9charger ci-dessous est recommand\u00e9e.<\/p>\n\n\n\n<p>Apportez l&rsquo;ensemble de ces documents lors d&rsquo;une s\u00e9ance d&rsquo;entrainement accompagn\u00e9 d&rsquo;un ch\u00e8que \u00e0 l&rsquo;ordre de \u00ab\u00a0CSR badminton\u00a0\u00bb.<\/p>\n\n\n\n<h3 class=\"wp-block-heading\" id=\"mce_6\">Tarif de la cotisation<\/h3>\n\n\n\n<ul class=\"wp-block-list\">\n<li>110 \u20ac pour l&rsquo;ann\u00e9e compl\u00e8te<\/li>\n\n\n\n<li>65 \u20ac pour 1\/2 saison \u00e0 partir de f\u00e9vrier<\/li>\n\n\n\n<li>65 \u20ac pour 2\u00e8me Club<\/li>\n<\/ul>\n\n\n\n<p><\/p>\n\n\n\n<p><\/p>\n\n\n\n<p><\/p>\n\n\n\n<p>Vente de volant plume pour les membres du club :  2 mod\u00e8les   <\/p>\n\n\n\n<ul class=\"wp-block-list\">\n<li>RSL 3   :   30\u20ac   <\/li>\n\n\n\n<li>RSL A9 :  25\u20ac<\/li>\n<\/ul>\n\n\n\n<figure class=\"wp-block-image is-resized\"><img loading=\"lazy\" decoding=\"async\" width=\"512\" height=\"250\" src=\"https:\/\/reichstett-badminton.fr\/wp-content\/uploads\/2019\/04\/ffbad.jpg\" alt=\"\" class=\"wp-image-78\" style=\"width:229px;height:112px\" srcset=\"https:\/\/reichstett-badminton.fr\/wp-content\/uploads\/2019\/04\/ffbad.jpg 512w, https:\/\/reichstett-badminton.fr\/wp-content\/uploads\/2019\/04\/ffbad-300x146.jpg 300w\" sizes=\"auto, (max-width: 512px) 100vw, 512px\" \/><\/figure>\n","protected":false},"excerpt":{"rendered":"<p>Envie de nous rejoindre ? T\u00e9l\u00e9chargez les documents ci-dessous et remplissez-les avec soin. &nbsp;Une&nbsp;attestation&nbsp;en cas de r\u00e9ponse n\u00e9gative \u00e0 l\u2019ensemble des questions du questionnaire de sant\u00e9 (l&rsquo;attestation se trouve \u00e0 la fin du document du questionnaire de sant\u00e9)&#8211; Un&nbsp;certificat m\u00e9dical&nbsp;datant de moins de 6 mois en cas de r\u00e9ponse positive \u00e0 l\u2019une des questions du &hellip; <\/p>\n<p class=\"link-more\"><a href=\"https:\/\/reichstett-badminton.fr\/?page_id=37\" class=\"more-link\">Continuer la lecture<span class=\"screen-reader-text\"> de &laquo;&nbsp;Devenir membre&nbsp;&raquo;<\/span><\/a><\/p>\n","protected":false},"author":1,"featured_media":0,"parent":0,"menu_order":0,"comment_status":"closed","ping_status":"closed","template":"","meta":{"footnotes":""},"class_list":["post-37","page","type-page","status-publish","hentry"],"_links":{"self":[{"href":"https:\/\/reichstett-badminton.fr\/index.php?rest_route=\/wp\/v2\/pages\/37","targetHints":{"allow":["GET"]}}],"collection":[{"href":"https:\/\/reichstett-badminton.fr\/index.php?rest_route=\/wp\/v2\/pages"}],"about":[{"href":"https:\/\/reichstett-badminton.fr\/index.php?rest_route=\/wp\/v2\/types\/page"}],"author":[{"embeddable":true,"href":"https:\/\/reichstett-badminton.fr\/index.php?rest_route=\/wp\/v2\/users\/1"}],"replies":[{"embeddable":true,"href":"https:\/\/reichstett-badminton.fr\/index.php?rest_route=%2Fwp%2Fv2%2Fcomments&post=37"}],"version-history":[{"count":44,"href":"https:\/\/reichstett-badminton.fr\/index.php?rest_route=\/wp\/v2\/pages\/37\/revisions"}],"predecessor-version":[{"id":669,"href":"https:\/\/reichstett-badminton.fr\/index.php?rest_route=\/wp\/v2\/pages\/37\/revisions\/669"}],"wp:attachment":[{"href":"https:\/\/reichstett-badminton.fr\/index.php?rest_route=%2Fwp%2Fv2%2Fmedia&parent=37"}],"curies":[{"name":"wp","href":"https:\/\/api.w.org\/{rel}","templated":true}]}}